{"id":869,"date":"2024-11-17T12:13:17","date_gmt":"2024-11-17T09:13:17","guid":{"rendered":"https:\/\/www.emlaktv24.com\/blog\/?page_id=869"},"modified":"2024-11-17T12:46:26","modified_gmt":"2024-11-17T09:46:26","slug":"haberler","status":"publish","type":"page","link":"https:\/\/www.emlaktv24.com\/blog\/haberler\/","title":{"rendered":"Haberler"},"content":{"rendered":"\t\t<div data-elementor-type=\"wp-page\" data-elementor-id=\"869\" class=\"elementor elementor-869\">\n\t\t\t\t<div data-custom-animations=\"true\" data-ca-options=\"{&quot;addChildTimelines&quot;:false,&quot;trigger&quot;:&quot;firstChild&quot;,&quot;animationTarget&quot;:&quot;:scope .e-con-inner &gt; .elementor-element:not(.lqd-exclude-parent-ca) &gt; .elementor-widget-container, :scope .e-con-inner &gt; .elementor-widget-hub_fancy_heading .lqd-split-lines .lqd-lines .split-inner, :scope .e-con-inner &gt; .elementor-widget-hub_fancy_heading .lqd-split-words .lqd-words .split-inner, :scope .e-con-inner &gt; .elementor-widget-hub_fancy_heading .lqd-split-chars .lqd-chars .split-inner, :scope .e-con-inner &gt; .elementor-widget-hub_fancy_heading .lqd-adv-txt-fig, :scope .e-con-inner &gt; .elementor-widget-ld_custom_menu .lqd-fancy-menu &gt; ul &gt; li, :scope .e-con:not([data-parallax]) .elementor-element &gt; .elementor-widget-container, :scope .e-con:not([data-parallax]) .elementor-widget-hub_fancy_heading .lqd-split-lines .lqd-lines .split-inner, :scope .e-con:not([data-parallax]) .elementor-widget-hub_fancy_heading .lqd-split-words .lqd-words .split-inner, :scope .e-con:not([data-parallax]) .elementor-widget-hub_fancy_heading .lqd-split-chars .lqd-chars .split-inner, :scope .e-con:not([data-parallax]) .elementor-widget-ld_custom_menu .lqd-fancy-menu &gt; ul &gt; li&quot;,&quot;duration&quot;:750,&quot;delay&quot;:60,&quot;ease&quot;:&quot;expo.out&quot;,&quot;initValues&quot;:{&quot;y&quot;:&quot;150px&quot;,&quot;scaleX&quot;:0.6,&quot;scaleY&quot;:0.6,&quot;opacity&quot;:0,&quot;transformOrigin&quot;:&quot;50% 50% 0px&quot;},&quot;animations&quot;:{&quot;y&quot;:&quot;0px&quot;,&quot;scaleX&quot;:1,&quot;scaleY&quot;:1,&quot;opacity&quot;:1,&quot;transformOrigin&quot;:&quot;50% 50% 0px&quot;}}\" class=\"elementor-element elementor-element-521b7b15 e-flex e-con-boxed e-con e-parent\" data-id=\"521b7b15\" data-element_type=\"container\">\n\t\t\t\t\t<div class=\"e-con-inner\">\n\t\t\t\t<div class=\"elementor-element elementor-element-241802a9 elementor-widget elementor-widget-hub_fancy_heading\" data-id=\"241802a9\" data-element_type=\"widget\" data-widget_type=\"hub_fancy_heading.default\">\n\t\t\t\t<div class=\"elementor-widget-container\">\n\t\t\t\n\t\t<div id=\"ld-fancy-heading-69f2927106734\" class=\"ld-fancy-heading pos-rel\">\n\t\t\t<h6 class=\"ld-fh-element d-inline-block pos-rel  elementor-heading-title lqd-highlight-classic lqd-highlight-grow-left h6\"  > Yeni<\/h6>\t\t<\/div>\n\n\t\t\t\t<\/div>\n\t\t\t\t<\/div>\n\t\t\t\t<div class=\"elementor-element elementor-element-1dd363 elementor-widget__width-inherit elementor-widget elementor-widget-spacer\" data-id=\"1dd363\" data-element_type=\"widget\" data-widget_type=\"spacer.default\">\n\t\t\t\t<div class=\"elementor-widget-container\">\n\t\t\t\t\t<div class=\"elementor-spacer\">\n\t\t\t<div class=\"elementor-spacer-inner\"><\/div>\n\t\t<\/div>\n\t\t\t\t<\/div>\n\t\t\t\t<\/div>\n\t\t\t\t<div class=\"elementor-element elementor-element-a8cd69e elementor-widget elementor-widget-hub_fancy_heading lqd-el-has-inner-anim\" data-id=\"a8cd69e\" data-element_type=\"widget\" data-settings=\"{&quot;enable_split&quot;:&quot;true&quot;,&quot;split_type&quot;:&quot;lines&quot;}\" data-widget_type=\"hub_fancy_heading.default\">\n\t\t\t\t<div class=\"elementor-widget-container\">\n\t\t\t\n\t\t<div id=\"ld-fancy-heading-69f29271071a6\" class=\"ld-fancy-heading pos-rel mask-text\">\n\t\t\t<h2 class=\"ld-fh-element d-inline-block pos-rel  elementor-heading-title lqd-highlight-classic lqd-highlight-grow-left lqd-split-lines h2\"  data-split-text=\"true\" data-split-options='{\"type\":\"lines\"}'> Son Haberler ve Makaleler<\/h2>\t\t<\/div>\n\n\t\t\t\t<\/div>\n\t\t\t\t<\/div>\n\t\t\t\t<div class=\"elementor-element elementor-element-6b57ddcf elementor-widget__width-initial elementor-widget elementor-widget-hub_fancy_heading lqd-el-has-inner-anim\" data-id=\"6b57ddcf\" data-element_type=\"widget\" data-settings=\"{&quot;enable_split&quot;:&quot;true&quot;,&quot;split_type&quot;:&quot;lines&quot;}\" data-widget_type=\"hub_fancy_heading.default\">\n\t\t\t\t<div class=\"elementor-widget-container\">\n\t\t\t\n\t\t<div id=\"ld-fancy-heading-69f2927107c47\" class=\"ld-fancy-heading pos-rel mask-text\">\n\t\t\t<p class=\"ld-fh-element d-inline-block pos-rel  lqd-highlight-classic lqd-highlight-grow-left lqd-split-lines p\"  data-split-text=\"true\" data-split-options='{\"type\":\"lines\"}'> Emlak d\u00fcnyas\u0131ndaki son geli\u015fmeleri ve en g\u00fcncel bilgileri okuyucular\u0131m\u0131za ula\u015ft\u0131r\u0131yoruz.<\/p>\t\t<\/div>\n\n\t\t\t\t<\/div>\n\t\t\t\t<\/div>\n\t\t\t\t<div class=\"elementor-element elementor-element-2a0775f elementor-widget__width-inherit elementor-widget elementor-widget-ld_blog\" data-id=\"2a0775f\" data-element_type=\"widget\" data-widget_type=\"ld_blog.default\">\n\t\t\t\t<div class=\"elementor-widget-container\">\n\t\t\t<div class=\"lqd-lp-grid 2a0775f blog-id-44070751 \"><div class=\"lqd-lp-row row pos-rel d-flex flex-wrap\" ><div class=\"lqd-lp-column d-flex flex-column col-md-4 col-sm-6 makale\"><article id=\"post-927\" class=\"lqd-lp pos-rel lqd-lp lqd-lp-style-6 lqd-lp-style-6-alt lqd-lp-hover-img-zoom lqd-lp-hover-img-zoom-out lqd-lp-animate-onhover border-radius-4 overflow-hidden text-start post-927 post type-post status-publish format-standard has-post-thumbnail hentry category-makale\">\n<div class=\"lqd-lp-img overflow-hidden\">\n\n\t<figure><img fetchpriority=\"high\" decoding=\"async\" width=\"640\" height=\"364\" src=\"https:\/\/www.emlaktv24.com\/blog\/wp-content\/uploads\/2024\/11\/GayrimenkuldeDijitalPazarlama-640x364.jpg\" class=\"w-100 wp-post-image\" alt=\"\" \/><\/figure>\n\t<div class=\"lqd-lp-meta text-uppercase font-weight-bold pos-rel z-index-3\">\n\t\t<span class=\"screen-reader-text\">Tags <\/span><ul class=\"lqd-lp-cat lqd-lp-cat-shaped lqd-lp-cat-solid reset-ul inline-ul font-weight-bold text-uppercase ltr-sp-1\"><li><a class=\"border-radius-circle\" href=\"https:\/\/www.emlaktv24.com\/blog\/blog\/category\/makale\/\" rel=\"category\">MAKALE<\/a><\/li><\/ul>\t<\/div>\n\n<\/div>\n\n<header class=\"lqd-lp-header pt-4 ps-3 pe-3 px-3\">\n\n\t<div class=\"lqd-lp-meta lqd-lp-meta-dot-between d-flex flex-wrap align-items-center\">\n\n\t\t<div class=\"lqd-lp-author pos-rel z-index-3\">\n\t\t\t<div class=\"lqd-lp-author-info\">\n\t\t\t\t<h3 class=\"mt-0 mb-0\"><a href=\"https:\/\/www.emlaktv24.com\/blog\/blog\/author\/root\/\">root<\/a><\/h3>\n\t\t\t<\/div>\n\t\t<\/div>\n\n\t\t<time class=\"lqd-lp-date\" datetime=\"2024-11-17T18:10:57+03:00\">1 y\u0131l \u00f6nce<\/time>\n\t<\/div>\n\n\t<h2 class=\"entry-title lqd-lp-title mt-2 mb-0 h5\"><a  href=\"https:\/\/www.emlaktv24.com\/blog\/blog\/2024\/11\/17\/gayrimenkulde-dijital-pazarlamanin-onemi\/\" rel=\"bookmark\">Gayrimenkulde Dijital Pazarlaman\u0131n \u00f6nemi<\/a><\/h2>\n<\/header>\n\n\t\t\t<div class=\"lqd-lp-excerpt pt-2 pb-4 ps-3 pe-3 px-3\">\n\t\t\t\tGayrimenkul sekt\u00f6r\u00fc, g\u00fcn\u00fcm\u00fczde h\u0131zla dijitalle\u015fen d\u00fcnyada \u00f6nemli bir sekt\u00f6rd\u00fcr ve dijital pazarlama da gayrimenkul\t\t\t<\/div>\n\t\t\n<a  href=\"https:\/\/www.emlaktv24.com\/blog\/blog\/2024\/11\/17\/gayrimenkulde-dijital-pazarlamanin-onemi\/\" class=\"lqd-lp-overlay-link lqd-overlay lqd-cc-label-trigger z-index-2\" tab-index=\"-1\"><\/a><\/article><\/div><div class=\"lqd-lp-column d-flex flex-column col-md-4 col-sm-6 makale\"><article id=\"post-922\" class=\"lqd-lp pos-rel lqd-lp lqd-lp-style-6 lqd-lp-style-6-alt lqd-lp-hover-img-zoom lqd-lp-hover-img-zoom-out lqd-lp-animate-onhover border-radius-4 overflow-hidden text-start post-922 post type-post status-publish format-standard has-post-thumbnail hentry category-makale\">\n<div class=\"lqd-lp-img overflow-hidden\">\n\n\t<figure><img decoding=\"async\" width=\"640\" height=\"364\" src=\"https:\/\/www.emlaktv24.com\/blog\/wp-content\/uploads\/2024\/11\/DunyaCapindaGayrimenkulilanlari-640x364.jpg\" class=\"w-100 wp-post-image\" alt=\"\" \/><\/figure>\n\t<div class=\"lqd-lp-meta text-uppercase font-weight-bold pos-rel z-index-3\">\n\t\t<span class=\"screen-reader-text\">Tags <\/span><ul class=\"lqd-lp-cat lqd-lp-cat-shaped lqd-lp-cat-solid reset-ul inline-ul font-weight-bold text-uppercase ltr-sp-1\"><li><a class=\"border-radius-circle\" href=\"https:\/\/www.emlaktv24.com\/blog\/blog\/category\/makale\/\" rel=\"category\">MAKALE<\/a><\/li><\/ul>\t<\/div>\n\n<\/div>\n\n<header class=\"lqd-lp-header pt-4 ps-3 pe-3 px-3\">\n\n\t<div class=\"lqd-lp-meta lqd-lp-meta-dot-between d-flex flex-wrap align-items-center\">\n\n\t\t<div class=\"lqd-lp-author pos-rel z-index-3\">\n\t\t\t<div class=\"lqd-lp-author-info\">\n\t\t\t\t<h3 class=\"mt-0 mb-0\"><a href=\"https:\/\/www.emlaktv24.com\/blog\/blog\/author\/root\/\">root<\/a><\/h3>\n\t\t\t<\/div>\n\t\t<\/div>\n\n\t\t<time class=\"lqd-lp-date\" datetime=\"2024-11-17T18:05:05+03:00\">1 y\u0131l \u00f6nce<\/time>\n\t<\/div>\n\n\t<h2 class=\"entry-title lqd-lp-title mt-2 mb-0 h5\"><a  href=\"https:\/\/www.emlaktv24.com\/blog\/blog\/2024\/11\/17\/dunya-capinda-gayrimenkul-ilanlari-simdiki-durum-ve-gelecekteki-egilimler\/\" rel=\"bookmark\">D\u00fcnya \u00c7ap\u0131nda Gayrimenkul \u0130lanlar\u0131: \u015eimdiki Durum ve Gelecekteki E\u011filimler<\/a><\/h2>\n<\/header>\n\n\t\t\t<div class=\"lqd-lp-excerpt pt-2 pb-4 ps-3 pe-3 px-3\">\n\t\t\t\t\u201c\u015eimdiki Durum ve Gelecekteki E\u011filimler\u201d D\u00fcnya \u00e7ap\u0131nda mevcut gayrimenkul web ilan\u0131 say\u0131s\u0131 tam olarak\t\t\t<\/div>\n\t\t\n<a  href=\"https:\/\/www.emlaktv24.com\/blog\/blog\/2024\/11\/17\/dunya-capinda-gayrimenkul-ilanlari-simdiki-durum-ve-gelecekteki-egilimler\/\" class=\"lqd-lp-overlay-link lqd-overlay lqd-cc-label-trigger z-index-2\" tab-index=\"-1\"><\/a><\/article><\/div><div class=\"lqd-lp-column d-flex flex-column col-md-4 col-sm-6 makale\"><article id=\"post-896\" class=\"lqd-lp pos-rel lqd-lp lqd-lp-style-6 lqd-lp-style-6-alt lqd-lp-hover-img-zoom lqd-lp-hover-img-zoom-out lqd-lp-animate-onhover border-radius-4 overflow-hidden text-start post-896 post type-post status-publish format-standard has-post-thumbnail hentry category-makale tag-makale\">\n<div class=\"lqd-lp-img overflow-hidden\">\n\n\t<figure><img decoding=\"async\" width=\"640\" height=\"364\" src=\"https:\/\/www.emlaktv24.com\/blog\/wp-content\/uploads\/2024\/11\/francesca-tosolini-tHkJAMcO3QE-unsplash-640x364.jpg\" class=\"w-100 wp-post-image\" alt=\"Emlak Yat\u0131r\u0131m\u0131n\u0131n Alt\u0131n Kurallar\u0131\" \/><\/figure>\n\t<div class=\"lqd-lp-meta text-uppercase font-weight-bold pos-rel z-index-3\">\n\t\t<span class=\"screen-reader-text\">Tags <\/span><ul class=\"lqd-lp-cat lqd-lp-cat-shaped lqd-lp-cat-solid reset-ul inline-ul font-weight-bold text-uppercase ltr-sp-1\"><li><a class=\"border-radius-circle\" href=\"https:\/\/www.emlaktv24.com\/blog\/blog\/category\/makale\/\" rel=\"category\">MAKALE<\/a><\/li><\/ul>\t<\/div>\n\n<\/div>\n\n<header class=\"lqd-lp-header pt-4 ps-3 pe-3 px-3\">\n\n\t<div class=\"lqd-lp-meta lqd-lp-meta-dot-between d-flex flex-wrap align-items-center\">\n\n\t\t<div class=\"lqd-lp-author pos-rel z-index-3\">\n\t\t\t<div class=\"lqd-lp-author-info\">\n\t\t\t\t<h3 class=\"mt-0 mb-0\"><a href=\"https:\/\/www.emlaktv24.com\/blog\/blog\/author\/root\/\">root<\/a><\/h3>\n\t\t\t<\/div>\n\t\t<\/div>\n\n\t\t<time class=\"lqd-lp-date\" datetime=\"2024-11-17T12:50:56+03:00\">1 y\u0131l \u00f6nce<\/time>\n\t<\/div>\n\n\t<h2 class=\"entry-title lqd-lp-title mt-2 mb-0 h5\"><a  href=\"https:\/\/www.emlaktv24.com\/blog\/blog\/2024\/11\/17\/emlak-yatiriminin-altin-kurallari-dogru-adimlar-ve-stratejiler\/\" rel=\"bookmark\">Emlak Yat\u0131r\u0131m\u0131n\u0131n Alt\u0131n Kurallar\u0131: Do\u011fru Ad\u0131mlar ve Stratejiler<\/a><\/h2>\n<\/header>\n\n\t\t\t<div class=\"lqd-lp-excerpt pt-2 pb-4 ps-3 pe-3 px-3\">\n\t\t\t\tEmlak yat\u0131r\u0131m\u0131, do\u011fru ad\u0131mlar ve stratejilerle uzun vadede kazan\u00e7 sa\u011flayabilecek g\u00fcvenilir bir yat\u0131r\u0131m alan\u0131d\u0131r.\t\t\t<\/div>\n\t\t\n<a  href=\"https:\/\/www.emlaktv24.com\/blog\/blog\/2024\/11\/17\/emlak-yatiriminin-altin-kurallari-dogru-adimlar-ve-stratejiler\/\" class=\"lqd-lp-overlay-link lqd-overlay lqd-cc-label-trigger z-index-2\" tab-index=\"-1\"><\/a><\/article><\/div><\/div><!--\/ .row --><\/div><!--\/ .lqd-lp-grid -->\t\t<\/div>\n\t\t\t\t<\/div>\n\t\t\t\t<div class=\"elementor-element elementor-element-1953ba3 elementor-widget__width-inherit elementor-widget elementor-widget-spacer\" data-id=\"1953ba3\" data-element_type=\"widget\" data-widget_type=\"spacer.default\">\n\t\t\t\t<div class=\"elementor-widget-container\">\n\t\t\t\t\t<div class=\"elementor-spacer\">\n\t\t\t<div class=\"elementor-spacer-inner\"><\/div>\n\t\t<\/div>\n\t\t\t\t<\/div>\n\t\t\t\t<\/div>\n\t\t\t\t\t<\/div>\n\t\t\t\t<\/div>\n\t\t\t\t<\/div>\n\t\t","protected":false},"excerpt":{"rendered":"<p>Yeni Son Haberler ve Makaleler Emlak d\u00fcnyas\u0131ndaki son geli\u015fmeleri ve en g\u00fcncel bilgileri okuyucular\u0131m\u0131za<\/p>\n","protected":false},"author":1,"featured_media":0,"parent":0,"menu_order":0,"comment_status":"closed","ping_status":"closed","template":"","meta":{"footnotes":""},"class_list":["post-869","page","type-page","status-publish","hentry"],"aioseo_notices":[],"_links":{"self":[{"href":"https:\/\/www.emlaktv24.com\/blog\/wp-json\/wp\/v2\/pages\/869"}],"collection":[{"href":"https:\/\/www.emlaktv24.com\/blog\/wp-json\/wp\/v2\/pages"}],"about":[{"href":"https:\/\/www.emlaktv24.com\/blog\/wp-json\/wp\/v2\/types\/page"}],"author":[{"embeddable":true,"href":"https:\/\/www.emlaktv24.com\/blog\/wp-json\/wp\/v2\/users\/1"}],"replies":[{"embeddable":true,"href":"https:\/\/www.emlaktv24.com\/blog\/wp-json\/wp\/v2\/comments?post=869"}],"version-history":[{"count":20,"href":"https:\/\/www.emlaktv24.com\/blog\/wp-json\/wp\/v2\/pages\/869\/revisions"}],"predecessor-version":[{"id":895,"href":"https:\/\/www.emlaktv24.com\/blog\/wp-json\/wp\/v2\/pages\/869\/revisions\/895"}],"wp:attachment":[{"href":"https:\/\/www.emlaktv24.com\/blog\/wp-json\/wp\/v2\/media?parent=869"}],"curies":[{"name":"wp","href":"https:\/\/api.w.org\/{rel}","templated":true}]}}